{"id":96,"date":"2018-12-04T09:04:49","date_gmt":"2018-12-04T09:04:49","guid":{"rendered":"http:\/\/wintersport.news\/?page_id=96"},"modified":"2021-06-15T13:43:20","modified_gmt":"2021-06-15T13:43:20","slug":"impressum","status":"publish","type":"page","link":"https:\/\/wintersport.news\/en\/impressum\/","title":{"rendered":"Impressum"},"content":{"rendered":"<div data-elementor-type=\"wp-page\" data-elementor-id=\"96\" class=\"elementor elementor-96\" data-elementor-post-type=\"page\">\n\t\t\t\t\t\t<section class=\"elementor-section elementor-top-section elementor-element elementor-element-8db65f9 elementor-section-boxed elementor-section-height-default elementor-section-height-default\" data-id=\"8db65f9\" data-element_type=\"section\" data-settings=\"{&quot;background_background&quot;:&quot;classic&quot;}\">\n\t\t\t\t\t\t<div class=\"elementor-container elementor-column-gap-default\">\n\t\t\t\t\t<div class=\"elementor-column elementor-col-100 elementor-top-column elementor-element elementor-element-3ed1d46\" data-id=\"3ed1d46\" data-element_type=\"column\" data-settings=\"{&quot;background_background&quot;:&quot;classic&quot;}\">\n\t\t\t<div class=\"elementor-widget-wrap elementor-element-populated\">\n\t\t\t\t\t\t<div class=\"elementor-element elementor-element-7cc9239 elementor-widget elementor-widget-heading\" data-id=\"7cc9239\" data-element_type=\"widget\" data-widget_type=\"heading.default\">\n\t\t\t\t<div class=\"elementor-widget-container\">\n\t\t\t\t\t<h2 class=\"elementor-heading-title elementor-size-default\">Impressum<\/h2>\t\t\t\t<\/div>\n\t\t\t\t<\/div>\n\t\t\t\t\t<\/div>\n\t\t<\/div>\n\t\t\t\t\t<\/div>\n\t\t<\/section>\n\t\t\t\t<section class=\"elementor-section elementor-top-section elementor-element elementor-element-6d19f026 elementor-section-boxed elementor-section-height-default elementor-section-height-default\" data-id=\"6d19f026\" data-element_type=\"section\">\n\t\t\t\t\t\t<div class=\"elementor-container elementor-column-gap-default\">\n\t\t\t\t\t<div class=\"elementor-column elementor-col-100 elementor-top-column elementor-element elementor-element-2902586\" data-id=\"2902586\" data-element_type=\"column\">\n\t\t\t<div class=\"elementor-widget-wrap elementor-element-populated\">\n\t\t\t\t\t\t<div class=\"elementor-element elementor-element-9d846b2 elementor-widget elementor-widget-text-editor\" data-id=\"9d846b2\" data-element_type=\"widget\" data-widget_type=\"text-editor.default\">\n\t\t\t\t<div class=\"elementor-widget-container\">\n\t\t\t\t\t\t\t\t\t<h5>Seitenbetreiber<\/h5><p><strong>KinetiXx |\u00a0W+R PRO GmbH <\/strong><br \/><strong>Carl-Zeiss-Str. 5<\/strong><br \/><strong>72555 Metzingen<\/strong><\/p><p>Telefon: +49 (0)7123 \/ 96 74 0<br \/>Fax: +49 (0)7123 \/ 96 74 76<\/p><p>E-Mail: <a href=\"mailto:info@wintersport.news\">info@wintersport.news<\/a><br \/>Internet: <a href=\"https:\/\/www.kinetixx.de\">www.kinetixx.de<\/a><\/p><p>Handelsregister:<br \/>Registergericht: Amtsgericht Stuttgart<br \/>Registernummer: HRB 760745<\/p><p>Gesch\u00e4ftsf\u00fchrer:<br \/>Hannes Junger<\/p><p>Umsatzsteuer-Identifikationsnummer gem\u00e4\u00df \u00a7 27 a Umsatzsteuergesetz:<br \/>DE 815 702 799<\/p><p>Inhaltlich Verantwortlich:<br \/>Mareike Decker (Anschrift wie oben)<\/p><h5>Informationen zur Online-Streitbeilegung:<\/h5><p>Die Europ\u00e4ische Kommission stellt eine Plattform zur Online-Streitbeilegung (OS) bereit.<\/p><p>Diese Plattform finden Sie unter folgendem Link: <a href=\"https:\/\/ec.europa.eu\/consumers\/odr\/\">https:\/\/ec.europa.eu\/consumers\/odr\/<\/a><\/p><p>Verbraucher k\u00f6nnen diese Plattform nutzen, um ihre Streitigkeiten aus Online-Vertr\u00e4gen beizulegen.<\/p><p>Hinweis gem\u00e4\u00df \u00a7 36 VSBG:<br \/>Wir werden nicht an alternativen Streitschlichtungsverfahren im Sinne des \u00a7 36 VSBG teilnehmen. Die Nutzung einer alternativen Schlichtungsstelle stellt keine zwingende Voraussetzung f\u00fcr das Anrufen zust\u00e4ndiger ordentlicher Gerichte dar.<\/p><p>Urheberrecht und Bildnachweise:<br \/>Die Inhalte von www.wintersport.news sind &#8211; soweit nicht abweichend angegeben &#8211; urheberrechtlich gesch\u00fctzt.<br \/>Verwendete Fotografien sind ggf. mit Bildnachweisen gekennzeichnet, soweit sie nicht selbst angefertigt wurden.<\/p><p>Die Verwendung von Fotografien auf Drittseiten ist nur im Rahmen der jeweiligen Lizenz der Urheber m\u00f6glich.<\/p><p><strong>Betreuende Agentur <\/strong><br \/>Guthauser<br \/>&#8230;einfach gute IT<br \/>E-Mail: <a href=\"mailto:info@guthauser.de\">info@guthauser.de<\/a><br \/>Internet: <a href=\"https:\/\/guthauser.de\">https:\/\/guthauser.de<\/a><\/p>\t\t\t\t\t\t\t\t<\/div>\n\t\t\t\t<\/div>\n\t\t\t\t\t<\/div>\n\t\t<\/div>\n\t\t\t\t\t<\/div>\n\t\t<\/section>\n\t\t\t\t<\/div>","protected":false},"excerpt":{"rendered":"<p>Impressum Seitenbetreiber KinetiXx |\u00a0W+R PRO GmbH Carl-Zeiss-Str. 572555 Metzingen Telefon: +49 (0)7123 \/ 96 74 0Fax: +49 (0)7123 \/ 96 74 76 E-Mail: info@wintersport.newsInternet: www.kinetixx.de Handelsregister:Registergericht: Amtsgericht StuttgartRegisternummer: HRB 760745 Gesch\u00e4ftsf\u00fchrer:Hannes Junger Umsatzsteuer-Identifikationsnummer gem\u00e4\u00df \u00a7 27 a Umsatzsteuergesetz:DE 815 702 799 Inhaltlich Verantwortlich:Mareike Decker (Anschrift wie oben) Informationen zur Online-Streitbeilegung: Die Europ\u00e4ische Kommission stellt eine [&hellip;]<\/p>","protected":false},"author":4,"featured_media":0,"parent":0,"menu_order":0,"comment_status":"closed","ping_status":"closed","template":"","meta":{"footnotes":""},"class_list":["post-96","page","type-page","status-publish","hentry"],"_links":{"self":[{"href":"https:\/\/wintersport.news\/en\/wp-json\/wp\/v2\/pages\/96","targetHints":{"allow":["GET"]}}],"collection":[{"href":"https:\/\/wintersport.news\/en\/wp-json\/wp\/v2\/pages"}],"about":[{"href":"https:\/\/wintersport.news\/en\/wp-json\/wp\/v2\/types\/page"}],"author":[{"embeddable":true,"href":"https:\/\/wintersport.news\/en\/wp-json\/wp\/v2\/users\/4"}],"replies":[{"embeddable":true,"href":"https:\/\/wintersport.news\/en\/wp-json\/wp\/v2\/comments?post=96"}],"version-history":[{"count":8,"href":"https:\/\/wintersport.news\/en\/wp-json\/wp\/v2\/pages\/96\/revisions"}],"predecessor-version":[{"id":2794,"href":"https:\/\/wintersport.news\/en\/wp-json\/wp\/v2\/pages\/96\/revisions\/2794"}],"wp:attachment":[{"href":"https:\/\/wintersport.news\/en\/wp-json\/wp\/v2\/media?parent=96"}],"curies":[{"name":"wp","href":"https:\/\/api.w.org\/{rel}","templated":true}]}}