{"id":1606,"date":"2020-11-18T10:56:17","date_gmt":"2020-11-18T10:56:17","guid":{"rendered":"https:\/\/wintersport.news\/?page_id=1606"},"modified":"2023-12-06T16:06:32","modified_gmt":"2023-12-06T16:06:32","slug":"deine-wintersport-news","status":"publish","type":"page","link":"https:\/\/wintersport.news\/en\/","title":{"rendered":"Deine WINTERsport News"},"content":{"rendered":"<div data-elementor-type=\"wp-page\" data-elementor-id=\"1606\" class=\"elementor elementor-1606\" data-elementor-post-type=\"page\">\n\t\t\t\t\t\t<section class=\"elementor-section elementor-top-section elementor-element elementor-element-57af42c4 elementor-section-boxed elementor-section-height-default elementor-section-height-default\" data-id=\"57af42c4\" data-element_type=\"section\" data-settings=\"{&quot;background_background&quot;:&quot;classic&quot;}\">\n\t\t\t\t\t\t<div class=\"elementor-container elementor-column-gap-default\">\n\t\t\t\t\t<div class=\"elementor-column elementor-col-100 elementor-top-column elementor-element elementor-element-329e6e48\" data-id=\"329e6e48\" data-element_type=\"column\" data-settings=\"{&quot;background_background&quot;:&quot;classic&quot;}\">\n\t\t\t<div class=\"elementor-widget-wrap elementor-element-populated\">\n\t\t\t\t\t\t<div class=\"elementor-element elementor-element-7dacbe80 elementor-widget elementor-widget-heading\" data-id=\"7dacbe80\" data-element_type=\"widget\" data-widget_type=\"heading.default\">\n\t\t\t\t<div class=\"elementor-widget-container\">\n\t\t\t\t\t<h2 class=\"elementor-heading-title elementor-size-default\">Ratgeber<\/h2>\t\t\t\t<\/div>\n\t\t\t\t<\/div>\n\t\t\t\t\t<\/div>\n\t\t<\/div>\n\t\t\t\t\t<\/div>\n\t\t<\/section>\n\t\t\t\t<section class=\"elementor-section elementor-top-section elementor-element elementor-element-76ea2130 elementor-section-boxed elementor-section-height-default elementor-section-height-default\" data-id=\"76ea2130\" data-element_type=\"section\">\n\t\t\t\t\t\t<div class=\"elementor-container elementor-column-gap-default\">\n\t\t\t\t\t<div class=\"elementor-column elementor-col-100 elementor-top-column elementor-element elementor-element-5b0319f9\" data-id=\"5b0319f9\" data-element_type=\"column\">\n\t\t\t<div class=\"elementor-widget-wrap elementor-element-populated\">\n\t\t\t\t\t\t<div class=\"elementor-element elementor-element-3bd5b397 uael-posts-thumbnail-ratio elementor-widget elementor-widget-uael-posts\" data-id=\"3bd5b397\" data-element_type=\"widget\" data-settings=\"{&quot;card_slides_to_show_tablet&quot;:1,&quot;card_slides_to_show&quot;:3,&quot;card_slides_to_show_mobile&quot;:1}\" data-widget_type=\"uael-posts.card\">\n\t\t\t\t<div class=\"elementor-widget-container\">\n\t\t\t\t\t\t\t<div class=\"uael-post__header\">\n\t\t\t\t\t<\/div>\n\t\t<div class=\"uael-post__body\">\n\t\t\t\n\t\t\n\t\t<div class=\"uael-post-grid uael-posts\" data-query-type=\"custom\" data-structure=\"normal\" data-layout=\"\" data-page=\"1606\" data-skin=\"card\" data-filter-default=\"\" data-offset-top=\"30\" >\n\n\t\t\t\t\t\t\t<div class=\"uael-post-grid__inner uael-post__columns-3 uael-post__columns-tablet-1 uael-post__columns-mobile-1\">\n\t\t\t\n<div class=\"uael-post-wrapper   blog ratgeber wintersportnews\">\n\t<div class=\"uael-post__bg-wrap\">\n\n\t\t\t\t\n\t\t<div class=\"uael-post__inner-wrap\">\n\n\t\t\t\t<div class=\"uael-post__thumbnail\">\n\t\t\t\n\t\t\t<a href=\"https:\/\/wintersport.news\/en\/handschuhgroesse-finden\/\" target=\"_self\" title=\"How to find my suitable glove size\"><img fetchpriority=\"high\" decoding=\"async\" width=\"768\" height=\"505\" src=\"https:\/\/wintersport.news\/wp-content\/uploads\/2023\/09\/Wintersport-News-Beitrag-Erik-LEsser-2-768x505.png\" class=\"attachment-medium_large size-medium_large wp-image-4554\" alt=\"\" srcset=\"https:\/\/wintersport.news\/wp-content\/uploads\/2023\/09\/Wintersport-News-Beitrag-Erik-LEsser-2-768x505.png 768w, https:\/\/wintersport.news\/wp-content\/uploads\/2023\/09\/Wintersport-News-Beitrag-Erik-LEsser-2-300x197.png 300w, https:\/\/wintersport.news\/wp-content\/uploads\/2023\/09\/Wintersport-News-Beitrag-Erik-LEsser-2-1024x674.png 1024w, https:\/\/wintersport.news\/wp-content\/uploads\/2023\/09\/Wintersport-News-Beitrag-Erik-LEsser-2-150x99.png 150w, https:\/\/wintersport.news\/wp-content\/uploads\/2023\/09\/Wintersport-News-Beitrag-Erik-LEsser-2-16x12.png 16w, https:\/\/wintersport.news\/wp-content\/uploads\/2023\/09\/Wintersport-News-Beitrag-Erik-LEsser-2.png 1090w\" sizes=\"(max-width: 768px) 100vw, 768px\" \/><\/a>\n\t\t\t\t\t<\/div>\n\t\t\n\t\t\t\n\t\t\t<div class=\"uael-post__content-wrap\">\n\n\t\t\t\t\t<h4 class=\"uael-post__title\">\n\n\t\t\n\t\t\t\t\t\t<a href=\"https:\/\/wintersport.news\/en\/handschuhgroesse-finden\/\" target=\"_self\">\n\t\t\t\tHow to find my suitable glove size\t\t\t<\/a>\n\n\t\t\t\t<\/h4>\n\t\t<div class=\"uael-post__separator\"><\/div>\n\t\t<div class=\"uael-post__excerpt\">\n\t\t\tHandschuhe kauft man nicht alle Tage. Kein Wunder, dass fast niemand sagen kann, welche Gr\u00f6\u00dfe er oder sie bei Fahrrad-, Ski- oder Langlauf-Handschuhen hat. Dabei ist allen Bike- und Skisport-Fans klar, wie wichtig es ist, dass der Handschuh perfekt passt ...\t\t<\/div>\n\n\t\t\t\t\t<a class=\"uael-post__read-more elementor-button\" href=\"https:\/\/wintersport.news\/en\/handschuhgroesse-finden\/\" target=\"_self\" aria-labelledby=\"uael-post-4547\">\n\t\t\t\t\t<span class=\"elementor-button-content-wrapper\">\n\t\t\t\t\t\t\t\t\t\t\t\t\t\t<span class=\"elementor-button-icon elementor-align-icon-left\">\n\n\t\t\t\t\t\t\t\t\t<i aria-hidden=\"true\" class=\"fas fa-angle-right\"><\/i>\n\t\t\t\t\t\t\t\t<\/span>\n\t\t\t\t\t\t\t\t\t\t\t\t\t\n\t\t\t\t\t\t<span class=\"elementor-button-text\" id=\"uael-post-4547\">Weiterlesen<\/span>\n\t\t\t\t\t<\/span>\n\t\t\t\t<\/a>\n\t\t\t\t\t\t<\/div>\n\t\t\t\n\t\t<\/div>\n\t\t\n\t<\/div>\n\n<\/div>\n\n<div class=\"uael-post-wrapper   blog ratgeber wintersportnews\">\n\t<div class=\"uael-post__bg-wrap\">\n\n\t\t\t\t\n\t\t<div class=\"uael-post__inner-wrap\">\n\n\t\t\t\t<div class=\"uael-post__thumbnail\">\n\t\t\t\n\t\t\t<a href=\"https:\/\/wintersport.news\/en\/sommer-langlaufhandschuhe\/\" target=\"_self\" title=\"Cross country gloves for summer\"><img decoding=\"async\" width=\"768\" height=\"512\" src=\"https:\/\/wintersport.news\/wp-content\/uploads\/2023\/09\/Norwegen-564_230902KVe0480-Kopie-768x512.jpg\" class=\"attachment-medium_large size-medium_large wp-image-4539\" alt=\"\" srcset=\"https:\/\/wintersport.news\/wp-content\/uploads\/2023\/09\/Norwegen-564_230902KVe0480-Kopie-768x512.jpg 768w, https:\/\/wintersport.news\/wp-content\/uploads\/2023\/09\/Norwegen-564_230902KVe0480-Kopie-300x200.jpg 300w, https:\/\/wintersport.news\/wp-content\/uploads\/2023\/09\/Norwegen-564_230902KVe0480-Kopie-1024x683.jpg 1024w, https:\/\/wintersport.news\/wp-content\/uploads\/2023\/09\/Norwegen-564_230902KVe0480-Kopie-150x100.jpg 150w, https:\/\/wintersport.news\/wp-content\/uploads\/2023\/09\/Norwegen-564_230902KVe0480-Kopie-16x12.jpg 16w, https:\/\/wintersport.news\/wp-content\/uploads\/2023\/09\/Norwegen-564_230902KVe0480-Kopie.jpg 1350w\" sizes=\"(max-width: 768px) 100vw, 768px\" \/><\/a>\n\t\t\t\t\t<\/div>\n\t\t\n\t\t\t\n\t\t\t<div class=\"uael-post__content-wrap\">\n\n\t\t\t\t\t<h4 class=\"uael-post__title\">\n\n\t\t\n\t\t\t\t\t\t<a href=\"https:\/\/wintersport.news\/en\/sommer-langlaufhandschuhe\/\" target=\"_self\">\n\t\t\t\tCross country gloves for summer\t\t\t<\/a>\n\n\t\t\t\t<\/h4>\n\t\t<div class=\"uael-post__separator\"><\/div>\n\t\t<div class=\"uael-post__excerpt\">\n\t\t\tDarauf kommt\u2018s bei Handschuhen auf Rollerski und Inline-Skates an Langl\u00e4ufer:innen und Biathlet:innen setzen im Sommertraining auf Rollerski und Inline-Skates. Die Bewegungsabl\u00e4ufe sind nah an denen auf Langlaufski. Klar, dass die Athlet:innen dabei auch St\u00f6cke im Einsatz haben. Deshalb geh\u00f6ren auch ...\t\t<\/div>\n\n\t\t\t\t\t<a class=\"uael-post__read-more elementor-button\" href=\"https:\/\/wintersport.news\/en\/sommer-langlaufhandschuhe\/\" target=\"_self\" aria-labelledby=\"uael-post-4526\">\n\t\t\t\t\t<span class=\"elementor-button-content-wrapper\">\n\t\t\t\t\t\t\t\t\t\t\t\t\t\t<span class=\"elementor-button-icon elementor-align-icon-left\">\n\n\t\t\t\t\t\t\t\t\t<i aria-hidden=\"true\" class=\"fas fa-angle-right\"><\/i>\n\t\t\t\t\t\t\t\t<\/span>\n\t\t\t\t\t\t\t\t\t\t\t\t\t\n\t\t\t\t\t\t<span class=\"elementor-button-text\" id=\"uael-post-4526\">Weiterlesen<\/span>\n\t\t\t\t\t<\/span>\n\t\t\t\t<\/a>\n\t\t\t\t\t\t<\/div>\n\t\t\t\n\t\t<\/div>\n\t\t\n\t<\/div>\n\n<\/div>\n\n<div class=\"uael-post-wrapper   ratgeber wintersportnews\">\n\t<div class=\"uael-post__bg-wrap\">\n\n\t\t\t\t\n\t\t<div class=\"uael-post__inner-wrap\">\n\n\t\t\t\t<div class=\"uael-post__thumbnail\">\n\t\t\t\n\t\t\t<a href=\"https:\/\/wintersport.news\/en\/rollski-training\/\" target=\"_self\" title=\"Training on rollskis: Fit for the winter\"><img decoding=\"async\" width=\"768\" height=\"505\" src=\"https:\/\/wintersport.news\/wp-content\/uploads\/2022\/07\/Wintersport-News-Titelbilder3-768x505.png\" class=\"attachment-medium_large size-medium_large wp-image-3946\" alt=\"\" srcset=\"https:\/\/wintersport.news\/wp-content\/uploads\/2022\/07\/Wintersport-News-Titelbilder3-768x505.png 768w, https:\/\/wintersport.news\/wp-content\/uploads\/2022\/07\/Wintersport-News-Titelbilder3-300x197.png 300w, https:\/\/wintersport.news\/wp-content\/uploads\/2022\/07\/Wintersport-News-Titelbilder3-1024x674.png 1024w, https:\/\/wintersport.news\/wp-content\/uploads\/2022\/07\/Wintersport-News-Titelbilder3-150x99.png 150w, https:\/\/wintersport.news\/wp-content\/uploads\/2022\/07\/Wintersport-News-Titelbilder3-16x12.png 16w, https:\/\/wintersport.news\/wp-content\/uploads\/2022\/07\/Wintersport-News-Titelbilder3.png 1090w\" sizes=\"(max-width: 768px) 100vw, 768px\" \/><\/a>\n\t\t\t\t\t<\/div>\n\t\t\n\t\t\t\n\t\t\t<div class=\"uael-post__content-wrap\">\n\n\t\t\t\t\t<h4 class=\"uael-post__title\">\n\n\t\t\n\t\t\t\t\t\t<a href=\"https:\/\/wintersport.news\/en\/rollski-training\/\" target=\"_self\">\n\t\t\t\tTraining on rollskis: Fit for the winter\t\t\t<\/a>\n\n\t\t\t\t<\/h4>\n\t\t<div class=\"uael-post__separator\"><\/div>\n\t\t<div class=\"uael-post__excerpt\">\n\t\t\tWintersport Athlet:innen, die im Schnee auf Langlaufskiern unterwegs sind, trainieren im Sommer ihre Kraft und ihre Ausdauer mit dem Skiroller und auch bei immer mehr Freizeitsportler:innen setzt sich der Trend bereits durch. Denn das Training auf Rollski \u00e4hnelt nicht nur ...\t\t<\/div>\n\n\t\t\t\t\t<a class=\"uael-post__read-more elementor-button\" href=\"https:\/\/wintersport.news\/en\/rollski-training\/\" target=\"_self\" aria-labelledby=\"uael-post-3909\">\n\t\t\t\t\t<span class=\"elementor-button-content-wrapper\">\n\t\t\t\t\t\t\t\t\t\t\t\t\t\t<span class=\"elementor-button-icon elementor-align-icon-left\">\n\n\t\t\t\t\t\t\t\t\t<i aria-hidden=\"true\" class=\"fas fa-angle-right\"><\/i>\n\t\t\t\t\t\t\t\t<\/span>\n\t\t\t\t\t\t\t\t\t\t\t\t\t\n\t\t\t\t\t\t<span class=\"elementor-button-text\" id=\"uael-post-3909\">Weiterlesen<\/span>\n\t\t\t\t\t<\/span>\n\t\t\t\t<\/a>\n\t\t\t\t\t\t<\/div>\n\t\t\t\n\t\t<\/div>\n\t\t\n\t<\/div>\n\n<\/div>\n\t\t\t\t<\/div>\n\t\t\t\t\t\t\n\t\t<\/div>\n\n\t\t\t\t\t\t<\/div>\n\t\t<div class=\"uael-post__footer\">\n\t\t\t\t\t<\/div>\n\t\t\t\t\t\t<\/div>\n\t\t\t\t<\/div>\n\t\t\t\t\t<\/div>\n\t\t<\/div>\n\t\t\t\t\t<\/div>\n\t\t<\/section>\n\t\t\t\t<section class=\"elementor-section elementor-top-section elementor-element elementor-element-21301bb3 elementor-section-boxed elementor-section-height-default elementor-section-height-default\" data-id=\"21301bb3\" data-element_type=\"section\" data-settings=\"{&quot;background_background&quot;:&quot;classic&quot;}\">\n\t\t\t\t\t\t<div class=\"elementor-container elementor-column-gap-default\">\n\t\t\t\t\t<div class=\"elementor-column elementor-col-100 elementor-top-column elementor-element elementor-element-6248e171\" data-id=\"6248e171\" data-element_type=\"column\" data-settings=\"{&quot;background_background&quot;:&quot;classic&quot;}\">\n\t\t\t<div class=\"elementor-widget-wrap elementor-element-populated\">\n\t\t\t\t\t\t<div class=\"elementor-element elementor-element-74073604 elementor-widget elementor-widget-heading\" data-id=\"74073604\" data-element_type=\"widget\" data-widget_type=\"heading.default\">\n\t\t\t\t<div class=\"elementor-widget-container\">\n\t\t\t\t\t<h2 class=\"elementor-heading-title elementor-size-default\">Insights<\/h2>\t\t\t\t<\/div>\n\t\t\t\t<\/div>\n\t\t\t\t\t<\/div>\n\t\t<\/div>\n\t\t\t\t\t<\/div>\n\t\t<\/section>\n\t\t\t\t<section class=\"elementor-section elementor-top-section elementor-element elementor-element-38ab423 elementor-section-content-top elementor-section-boxed elementor-section-height-default elementor-section-height-default\" data-id=\"38ab423\" data-element_type=\"section\">\n\t\t\t\t\t\t<div class=\"elementor-container elementor-column-gap-default\">\n\t\t\t\t\t<div class=\"elementor-column elementor-col-100 elementor-top-column elementor-element elementor-element-39370fef\" data-id=\"39370fef\" data-element_type=\"column\">\n\t\t\t<div class=\"elementor-widget-wrap elementor-element-populated\">\n\t\t\t\t\t\t<div class=\"elementor-element elementor-element-400464c9 elementor-widget elementor-widget-uael-posts\" data-id=\"400464c9\" data-element_type=\"widget\" data-settings=\"{&quot;feed_slides_to_show_tablet&quot;:2,&quot;feed_slides_to_show_mobile&quot;:1,&quot;feed_show_filters&quot;:&quot;no&quot;}\" data-widget_type=\"uael-posts.feed\">\n\t\t\t\t<div class=\"elementor-widget-container\">\n\t\t\t\t\t\t\t<div class=\"uael-post__header\">\n\t\t\t\t\t<\/div>\n\t\t<div class=\"uael-post__body\">\n\t\t\t\n\t\t\n\t\t<div class=\"uael-post-grid uael-posts\" data-query-type=\"custom\" data-structure=\"\" data-layout=\"\" data-page=\"1606\" data-skin=\"feed\" data-filter-default=\"\" data-offset-top=\"30\" >\n\n\t\t\t\t\t\t\t<div class=\"uael-post-grid__inner uael-post__columns-1 uael-post__columns-tablet-1 uael-post__columns-mobile-1\">\n\t\t\t\n\n<div class=\"uael-post-wrapper  wintersportnews xx-blog\">\n\n\t<div class=\"uael-post__bg-wrap\">\n\t\t\n\t\t\n\t\t<div class=\"uael-post__inner-wrap\">\n\n\t\t\t\t<div class=\"uael-post__thumbnail\">\n\t\t\t\n\t\t\t<a href=\"https:\/\/wintersport.news\/en\/winterrad-ratgeber\/\" target=\"_self\" title=\"Guide: Winter on the bike\"><img loading=\"lazy\" decoding=\"async\" width=\"1090\" height=\"717\" src=\"https:\/\/wintersport.news\/wp-content\/uploads\/2024\/01\/Wintersport-News-Beitrag-Winterrad-Blog-6.png\" class=\"attachment-full size-full wp-image-4715\" alt=\"\" srcset=\"https:\/\/wintersport.news\/wp-content\/uploads\/2024\/01\/Wintersport-News-Beitrag-Winterrad-Blog-6.png 1090w, https:\/\/wintersport.news\/wp-content\/uploads\/2024\/01\/Wintersport-News-Beitrag-Winterrad-Blog-6-300x197.png 300w, https:\/\/wintersport.news\/wp-content\/uploads\/2024\/01\/Wintersport-News-Beitrag-Winterrad-Blog-6-1024x674.png 1024w, https:\/\/wintersport.news\/wp-content\/uploads\/2024\/01\/Wintersport-News-Beitrag-Winterrad-Blog-6-150x99.png 150w, https:\/\/wintersport.news\/wp-content\/uploads\/2024\/01\/Wintersport-News-Beitrag-Winterrad-Blog-6-768x505.png 768w, https:\/\/wintersport.news\/wp-content\/uploads\/2024\/01\/Wintersport-News-Beitrag-Winterrad-Blog-6-16x12.png 16w\" sizes=\"(max-width: 1090px) 100vw, 1090px\" \/><\/a>\n\t\t\t\t\t<\/div>\n\t\t\n\t\t\t\n\t\t\t<div class=\"uael-post__content-wrap\">\n\n\t\t\t\t\t<h3 class=\"uael-post__title\">\n\n\t\t\n\t\t\t\t\t\t<a href=\"https:\/\/wintersport.news\/en\/winterrad-ratgeber\/\" target=\"_self\">\n\t\t\t\tGuide: Winter on the bike\t\t\t<\/a>\n\n\t\t\t\t<\/h3>\n\t\t<div class=\"uael-post__separator\"><\/div>\n\t\t<div class=\"uael-post__excerpt\">\n\t\t\tWelcher Winter-Radhandschuh ist f\u00fcr mich der richtige? Wer im Winter auf sein Fahrrad steigt wei\u00df, die Bedingungen k\u00f6nnen hart sein. Egal, ob du als Pendler ...\t\t<\/div>\n\n\t\t\t\t\t<a class=\"uael-post__read-more elementor-button\" href=\"https:\/\/wintersport.news\/en\/winterrad-ratgeber\/\" target=\"_self\" aria-labelledby=\"uael-post-4708\">\n\t\t\t\t\t<span class=\"elementor-button-content-wrapper\">\n\t\t\t\t\t\t\t\t\t\t\t\t\t\t<span class=\"elementor-button-icon elementor-align-icon-left\">\n\n\t\t\t\t\t\t\t\t\t<i aria-hidden=\"true\" class=\"fas fa-angle-right\"><\/i>\n\t\t\t\t\t\t\t\t<\/span>\n\t\t\t\t\t\t\t\t\t\t\t\t\t\n\t\t\t\t\t\t<span class=\"elementor-button-text\" id=\"uael-post-4708\">Weiterlesen<\/span>\n\t\t\t\t\t<\/span>\n\t\t\t\t<\/a>\n\t\t\t\t\t\t<\/div>\n\t\t\t\n\t\t<\/div>\n\t\t\n\t<\/div>\n\n<\/div>\n\n\n<div class=\"uael-post-wrapper  blog xx-blog\">\n\n\t<div class=\"uael-post__bg-wrap\">\n\t\t\n\t\t\n\t\t<div class=\"uael-post__inner-wrap\">\n\n\t\t\t\t<div class=\"uael-post__thumbnail\">\n\t\t\t\n\t\t\t<a href=\"https:\/\/wintersport.news\/en\/neue-kollektion\/\" target=\"_self\" title=\"The new KinetiXx winter collection\"><img loading=\"lazy\" decoding=\"async\" width=\"1090\" height=\"717\" src=\"https:\/\/wintersport.news\/wp-content\/uploads\/2023\/12\/Wintersport-News-Beitrag-Tarjei-Boe2.png\" class=\"attachment-full size-full wp-image-4644\" alt=\"\" srcset=\"https:\/\/wintersport.news\/wp-content\/uploads\/2023\/12\/Wintersport-News-Beitrag-Tarjei-Boe2.png 1090w, https:\/\/wintersport.news\/wp-content\/uploads\/2023\/12\/Wintersport-News-Beitrag-Tarjei-Boe2-300x197.png 300w, https:\/\/wintersport.news\/wp-content\/uploads\/2023\/12\/Wintersport-News-Beitrag-Tarjei-Boe2-1024x674.png 1024w, https:\/\/wintersport.news\/wp-content\/uploads\/2023\/12\/Wintersport-News-Beitrag-Tarjei-Boe2-150x99.png 150w, https:\/\/wintersport.news\/wp-content\/uploads\/2023\/12\/Wintersport-News-Beitrag-Tarjei-Boe2-768x505.png 768w, https:\/\/wintersport.news\/wp-content\/uploads\/2023\/12\/Wintersport-News-Beitrag-Tarjei-Boe2-16x12.png 16w\" sizes=\"(max-width: 1090px) 100vw, 1090px\" \/><\/a>\n\t\t\t\t\t<\/div>\n\t\t\n\t\t\t\n\t\t\t<div class=\"uael-post__content-wrap\">\n\n\t\t\t\t\t<h3 class=\"uael-post__title\">\n\n\t\t\n\t\t\t\t\t\t<a href=\"https:\/\/wintersport.news\/en\/neue-kollektion\/\" target=\"_self\">\n\t\t\t\tThe new KinetiXx winter collection\t\t\t<\/a>\n\n\t\t\t\t<\/h3>\n\t\t<div class=\"uael-post__separator\"><\/div>\n\t\t<div class=\"uael-post__excerpt\">\n\t\t\tDie neue Winter-Kollektion ist da und in diesem Jahr gibt es einige Highlights, neue Designs, Technologien und auch nachhaltige Aspekte kommen nicht zu kurz. Bei ...\t\t<\/div>\n\n\t\t\t\t\t<a class=\"uael-post__read-more elementor-button\" href=\"https:\/\/wintersport.news\/en\/neue-kollektion\/\" target=\"_self\" aria-labelledby=\"uael-post-4643\">\n\t\t\t\t\t<span class=\"elementor-button-content-wrapper\">\n\t\t\t\t\t\t\t\t\t\t\t\t\t\t<span class=\"elementor-button-icon elementor-align-icon-left\">\n\n\t\t\t\t\t\t\t\t\t<i aria-hidden=\"true\" class=\"fas fa-angle-right\"><\/i>\n\t\t\t\t\t\t\t\t<\/span>\n\t\t\t\t\t\t\t\t\t\t\t\t\t\n\t\t\t\t\t\t<span class=\"elementor-button-text\" id=\"uael-post-4643\">Weiterlesen<\/span>\n\t\t\t\t\t<\/span>\n\t\t\t\t<\/a>\n\t\t\t\t\t\t<\/div>\n\t\t\t\n\t\t<\/div>\n\t\t\n\t<\/div>\n\n<\/div>\n\t\t\t\t<\/div>\n\t\t\t\t\t\t\n\t\t<\/div>\n\n\t\t\t\t\t\t<\/div>\n\t\t<div class=\"uael-post__footer\">\n\t\t\t\t\t<\/div>\n\t\t\t\t\t\t<\/div>\n\t\t\t\t<\/div>\n\t\t\t\t\t<\/div>\n\t\t<\/div>\n\t\t\t\t\t<\/div>\n\t\t<\/section>\n\t\t\t\t<\/div>","protected":false},"excerpt":{"rendered":"<p>Ratgeber So findest du den richtigen Fahrradhandschuh Fahrradhandschuhe geh\u00f6ren zum Fahrradzubeh\u00f6r, wie der Lenker, der Sattel und die richtige Kleidung. Gerade bei l\u00e4ngeren Strecken ist die Belastung auf die Innenhand, die dem st\u00e4ndigen Druck der Hand auf den Lenker ausgesetzt ist sehr hoch. Um Schwielen und Blasen \u2026 Weiterlesen Teil 3: Langlaufski richtig wachsen und [&hellip;]<\/p>","protected":false},"author":3,"featured_media":2096,"parent":0,"menu_order":0,"comment_status":"closed","ping_status":"closed","template":"","meta":{"footnotes":""},"class_list":["post-1606","page","type-page","status-publish","has-post-thumbnail","hentry"],"_links":{"self":[{"href":"https:\/\/wintersport.news\/en\/wp-json\/wp\/v2\/pages\/1606","targetHints":{"allow":["GET"]}}],"collection":[{"href":"https:\/\/wintersport.news\/en\/wp-json\/wp\/v2\/pages"}],"about":[{"href":"https:\/\/wintersport.news\/en\/wp-json\/wp\/v2\/types\/page"}],"author":[{"embeddable":true,"href":"https:\/\/wintersport.news\/en\/wp-json\/wp\/v2\/users\/3"}],"replies":[{"embeddable":true,"href":"https:\/\/wintersport.news\/en\/wp-json\/wp\/v2\/comments?post=1606"}],"version-history":[{"count":160,"href":"https:\/\/wintersport.news\/en\/wp-json\/wp\/v2\/pages\/1606\/revisions"}],"predecessor-version":[{"id":4594,"href":"https:\/\/wintersport.news\/en\/wp-json\/wp\/v2\/pages\/1606\/revisions\/4594"}],"wp:featuredmedia":[{"embeddable":true,"href":"https:\/\/wintersport.news\/en\/wp-json\/wp\/v2\/media\/2096"}],"wp:attachment":[{"href":"https:\/\/wintersport.news\/en\/wp-json\/wp\/v2\/media?parent=1606"}],"curies":[{"name":"wp","href":"https:\/\/api.w.org\/{rel}","templated":true}]}}